{"id":1147,"date":"2019-03-18T15:23:39","date_gmt":"2019-03-18T15:23:39","guid":{"rendered":"http:\/\/oralhcg.com\/?page_id=1147"},"modified":"2023-04-14T13:26:48","modified_gmt":"2023-04-14T13:26:48","slug":"publicaciones-e-investigaciones","status":"publish","type":"page","link":"https:\/\/oralhcg.com\/pt\/profesionales\/publicaciones-e-investigaciones\/","title":{"rendered":"Publica\u00e7\u00f5es e Pesquisas"},"content":{"rendered":"<div class=\"fusion-bg-parallax\" data-bg-align=\"left top\" data-direction=\"left\" data-mute=\"false\" data-opacity=\"100\" data-velocity=\"-0.4\" data-mobile-enabled=\"false\" data-break_parents=\"0\" data-bg-image=\"http:\/\/oralhcg.com\/wp-content\/uploads\/2019\/03\/slide01c.jpg\" data-bg-repeat=\"false\" data-blend-mode=\"overlay\" ><\/div><div class=\"fusion-fullwidth fullwidth-box fusion-builder-row-1 fusion-flex-container has-pattern-background has-mask-background fusion-parallax-left nonhundred-percent-fullwidth non-hundred-percent-height-scrolling\" style=\"--awb-background-position:left top;--awb-background-blend-mode:overlay;--awb-border-sizes-top:0px;--awb-border-sizes-bottom:0px;--awb-border-sizes-left:0px;--awb-border-sizes-right:0px;--awb-border-radius-top-left:0px;--awb-border-radius-top-right:0px;--awb-border-radius-bottom-right:0px;--awb-border-radius-bottom-left:0px;--awb-padding-top:10%;--awb-padding-right:5%;--awb-padding-bottom:10%;--awb-padding-left:5%;--awb-background-image:url(&quot;http:\/\/oralhcg.com\/wp-content\/uploads\/2019\/03\/slide01c.jpg&quot;);--awb-background-size:cover;--awb-flex-wrap:wrap;\" ><div class=\"fusion-builder-row fusion-row fusion-flex-align-items-flex-start fusion-flex-justify-content-center fusion-flex-content-wrap\" style=\"max-width:1216.8px;margin-left: calc(-4% \/ 2 );margin-right: calc(-4% \/ 2 );\"><div class=\"fusion-layout-column fusion_builder_column fusion-builder-column-0 fusion_builder_column_1_1 1_1 fusion-flex-column\" style=\"--awb-bg-size:cover;--awb-width-large:100%;--awb-margin-top-large:0px;--awb-spacing-right-large:1.92%;--awb-margin-bottom-large:30px;--awb-spacing-left-large:1.92%;--awb-width-medium:100%;--awb-spacing-right-medium:1.92%;--awb-spacing-left-medium:1.92%;--awb-width-small:100%;--awb-spacing-right-small:1.92%;--awb-spacing-left-small:1.92%;\"><div class=\"fusion-column-wrapper fusion-flex-justify-content-flex-start fusion-content-layout-column\"><div class=\"fusion-text fusion-text-1\"><h1 style=\"text-align: left;\"><span style=\"color: #ffffff;\">Publica\u00e7\u00f5es e Pesquisas <\/span><span style=\"color: #99cc00;\">para Profissionais<\/span><\/h1>\n<\/div><div class=\"fusion-separator fusion-full-width-sep\" style=\"align-self: center;margin-left: auto;margin-right: auto;margin-top:10px;margin-bottom:10px;width:100%;\"><\/div><ul style=\"--awb-size:16px;--awb-line-height:27.2px;--awb-icon-width:27.2px;--awb-icon-height:27.2px;--awb-icon-margin:11.2px;--awb-content-margin:38.4px;--awb-circlecolor:#8bc34a;--awb-circle-yes-font-size:14.08px;\" class=\"fusion-checklist fusion-checklist-1 fusion-checklist-default type-icons\"><li class=\"fusion-li-item\" style=\"\"><span class=\"icon-wrapper circle-yes\"><i class=\"fusion-li-icon fa-file-pdf far\" aria-hidden=\"true\"><\/i><\/span><div class=\"fusion-li-item-content\">\n<p><span style=\"color: #ffffff;\"><a style=\"color: #ffffff;\" href=\"http:\/\/oralhcg.com\/wp-content\/uploads\/2019\/02\/01-Double_Blind_Study_hCG2.pdf\" target=\"_blank\" rel=\"noopener noreferrer\">Estudo duplo-cego<\/a><\/span><\/p>\n<\/div><\/li><li class=\"fusion-li-item\" style=\"\"><span class=\"icon-wrapper circle-yes\"><i class=\"fusion-li-icon fa-file-pdf far\" aria-hidden=\"true\"><\/i><\/span><div class=\"fusion-li-item-content\"><span style=\"color: #ffffff;\"><a style=\"color: #ffffff;\" href=\"http:\/\/oralhcg.com\/wp-content\/uploads\/2019\/02\/02-Aes_plastic_Surgery.pdf\" target=\"_blank\" rel=\"noopener noreferrer\">Controv\u00e9rsias em Cirurgias Pl\u00e1sticas: Lipectomia Assistida por Aspira\u00e7\u00e3o (ELA) e Protocolo hCG (Gonadotropina Cori\u00f4nica Humana) para o Tratamento da Obesidade<\/a><\/span><\/div><\/li><li class=\"fusion-li-item\" style=\"\"><span class=\"icon-wrapper circle-yes\"><i class=\"fusion-li-icon fa-file-pdf far\" aria-hidden=\"true\"><\/i><\/span><div class=\"fusion-li-item-content\"><span style=\"color: #ffffff;\"><a style=\"color: #ffffff;\" href=\"http:\/\/oralhcg.com\/wp-content\/uploads\/2019\/02\/04-asher_harper.pdf\" target=\"_blank\" rel=\"noopener noreferrer\">Efeito da Gonadotropina Cori\u00f3nica Humana na perda de peso, fome e sensa\u00e7\u00e3o de bem-estar.<\/a><\/span><\/div><\/li><li class=\"fusion-li-item\" style=\"\"><span class=\"icon-wrapper circle-yes\"><i class=\"fusion-li-icon fa-file-pdf far\" aria-hidden=\"true\"><\/i><\/span><div class=\"fusion-li-item-content\">\n<p><span style=\"color: #ffffff;\"><a style=\"color: #ffffff;\" href=\"http:\/\/oralhcg.com\/wp-content\/uploads\/2019\/02\/05-Article_IMBIOMED.pdf\" target=\"_blank\" rel=\"noopener noreferrer\">Uso oral de hCG para o tratamento da obesidade<\/a><\/span><\/p>\n<\/div><\/li><li class=\"fusion-li-item\" style=\"\"><span class=\"icon-wrapper circle-yes\"><i class=\"fusion-li-icon fa-file-pdf far\" aria-hidden=\"true\"><\/i><\/span><div class=\"fusion-li-item-content\">\n<p><span style=\"color: #ffffff;\"><a style=\"color: #ffffff;\" href=\"http:\/\/oralhcg.com\/wp-content\/uploads\/2019\/02\/06-Ahser_Harper_rebuttal.pdf\" target=\"_blank\" rel=\"noopener noreferrer\">Gonadotrofina cori\u00f4nica humana para o tratamento da obesidade: uma refuta\u00e7\u00e3o<\/a><\/span><\/p>\n<\/div><\/li><li class=\"fusion-li-item\" style=\"\"><span class=\"icon-wrapper circle-yes\"><i class=\"fusion-li-icon fa-file-pdf far\" aria-hidden=\"true\"><\/i><\/span><div class=\"fusion-li-item-content\">\n<p><span style=\"color: #ffffff;\"><a style=\"color: #ffffff;\" href=\"http:\/\/oralhcg.com\/wp-content\/uploads\/2019\/02\/07-Pharmacology_and_pharmacodynamics_of_oral_hCG.pdf\" target=\"_blank\" rel=\"noopener noreferrer\">Condi\u00e7\u00f5es de estabilidade da mol\u00e9cula hCG em determinadas condi\u00e7\u00f5es f\u00edsico-qu\u00edmicas<\/a><\/span><\/p>\n<\/div><\/li><li class=\"fusion-li-item\" style=\"\"><span class=\"icon-wrapper circle-yes\"><i class=\"fusion-li-icon fa-file-pdf far\" aria-hidden=\"true\"><\/i><\/span><div class=\"fusion-li-item-content\"><span style=\"color: #ffffff;\"><a style=\"color: #ffffff;\" href=\"https:\/\/www.nature.com\/search?q=belluscio&amp;journal=\" target=\"_blank\" rel=\"noopener noreferrer\">Atividade metab\u00f3lica do hCG na glicemia e na Leptina em animais experimentais alimentados com dieta de cafeteria.<\/a><\/span><\/div><\/li><li class=\"fusion-li-item\" style=\"\"><span class=\"icon-wrapper circle-yes\"><i class=\"fusion-li-icon fa-file-pdf far\" aria-hidden=\"true\"><\/i><\/span><div class=\"fusion-li-item-content\"><span style=\"color: #ffffff;\"><a style=\"color: #ffffff;\" href=\"https:\/\/www.nature.com\/search?q=belluscio&amp;journal=\" target=\"_blank\" rel=\"noopener noreferrer\">Influ\u00eancia dos diferentes excipientes e dos procedimentos de ac\u00famulo de hCG (gonadotropina cori\u00f4nica humana) evidenciada por espectrofotometria.<\/a><\/span><\/div><\/li><li class=\"fusion-li-item\" style=\"\"><span class=\"icon-wrapper circle-yes\"><i class=\"fusion-li-icon fa-file-pdf far\" aria-hidden=\"true\"><\/i><\/span><div class=\"fusion-li-item-content\">\n<p><span style=\"color: #ffffff;\"><a style=\"color: #ffffff;\" href=\"http:\/\/oralhcg.com\/wp-content\/uploads\/2019\/04\/reduccion-grasa-y-no-musculo.pdf\" target=\"_blank\" rel=\"noopener noreferrer\">Redu\u00e7\u00e3o de gordura e n\u00e3o m\u00fasculo<\/a><\/span><\/p>\n<\/div><\/li><li class=\"fusion-li-item\" style=\"\"><span class=\"icon-wrapper circle-yes\"><i class=\"fusion-li-icon fa-file-pdf far\" aria-hidden=\"true\"><\/i><\/span><div class=\"fusion-li-item-content\">\n<p><span style=\"color: #ffffff;\"><a style=\"color: #ffffff;\" href=\"http:\/\/oralhcg.com\/wp-content\/uploads\/2019\/04\/reduccion-grasa-y-no-musculo-resultados.pdf\" target=\"_blank\" rel=\"noopener noreferrer\">Redu\u00e7\u00e3o de gordura e sem m\u00fasculo (resultados)<\/a><\/span><\/p>\n<\/div><\/li><li class=\"fusion-li-item\" style=\"\"><span class=\"icon-wrapper circle-yes\"><i class=\"fusion-li-icon fa-file-pdf far\" aria-hidden=\"true\"><\/i><\/span><div class=\"fusion-li-item-content\">\n<p><span style=\"color: #ffffff;\"><a style=\"color: #ffffff;\" href=\"http:\/\/oralhcg.com\/wp-content\/uploads\/2019\/04\/REDUCCION-DE-PESO-circunferencias-corporales1.pdf\" target=\"_blank\" rel=\"noopener noreferrer\">Estudo da estabilidade de amostras de solu\u00e7\u00e3o oral contendo o horm\u00f4nio cori\u00f4nico gonadotr\u00f3fico (HCG) como princ\u00edpio ativo<\/a><\/span><\/p>\n<\/div><\/li><\/ul><div class=\"fusion-separator fusion-full-width-sep\" style=\"align-self: center;margin-left: auto;margin-right: auto;margin-top:5%;margin-bottom:2%;width:100%;\"><\/div><\/div><\/div><div class=\"fusion-layout-column fusion_builder_column fusion-builder-column-1 fusion_builder_column_3_4 3_4 fusion-flex-column\" style=\"--awb-bg-size:cover;--awb-width-large:75%;--awb-margin-top-large:0px;--awb-spacing-right-large:2.56%;--awb-margin-bottom-large:30px;--awb-spacing-left-large:2.56%;--awb-width-medium:100%;--awb-order-medium:0;--awb-spacing-right-medium:1.92%;--awb-spacing-left-medium:1.92%;--awb-width-small:100%;--awb-order-small:0;--awb-spacing-right-small:1.92%;--awb-spacing-left-small:1.92%;\"><div class=\"fusion-column-wrapper fusion-column-has-shadow fusion-flex-justify-content-flex-start fusion-content-layout-column\"><div class=\"fusion-title title fusion-title-1 fusion-sep-none fusion-title-center fusion-title-text fusion-title-size-four\" style=\"--awb-text-color:var(--awb-color1);\"><h4 class=\"fusion-title-heading title-heading-center\" style=\"margin:0;\">Para mais informa\u00e7\u00f5es, preencha o seguinte formul\u00e1rio de contacto<\/h4><\/div><div class=\"fusion-separator fusion-full-width-sep\" style=\"align-self: center;margin-left: auto;margin-right: auto;margin-top:1%;width:100%;\"><\/div><div class=\"fusion-form fusion-form-builder fusion-form-form-wrapper fusion-form-49682\" style=\"--awb-tooltip-text-color:#ffffff;--awb-tooltip-background-color:#333333;--awb-form-placeholder-color:rgba(71,71,71,0.5);--awb-form-text-color:#474747;\" data-form-id=\"49682\" data-config=\"{&quot;form_id&quot;:&quot;49682&quot;,&quot;form_post_id&quot;:&quot;49682&quot;,&quot;post_id&quot;:1147,&quot;form_type&quot;:&quot;ajax&quot;,&quot;confirmation_type&quot;:&quot;message&quot;,&quot;redirect_url&quot;:&quot;&quot;,&quot;field_labels&quot;:{&quot;nombre&quot;:&quot;&quot;,&quot;telefono&quot;:&quot;&quot;,&quot;email&quot;:&quot;&quot;,&quot;asunto&quot;:&quot;&quot;,&quot;mensaje&quot;:&quot;&quot;},&quot;field_logics&quot;:{&quot;nombre&quot;:&quot;&quot;,&quot;telefono&quot;:&quot;&quot;,&quot;email&quot;:&quot;&quot;,&quot;asunto&quot;:&quot;&quot;,&quot;mensaje&quot;:&quot;&quot;,&quot;notice_1&quot;:&quot;&quot;},&quot;field_types&quot;:{&quot;nombre&quot;:&quot;text&quot;,&quot;telefono&quot;:&quot;phone_number&quot;,&quot;email&quot;:&quot;email&quot;,&quot;asunto&quot;:&quot;text&quot;,&quot;mensaje&quot;:&quot;textarea&quot;,&quot;submit_1&quot;:&quot;submit&quot;,&quot;notice_1&quot;:&quot;notice&quot;},&quot;nonce_method&quot;:&quot;ajax&quot;}\"><form action=\"https:\/\/oralhcg.com\/pt\/profesionales\/publicaciones-e-investigaciones\/\" method=\"post\" class=\"fusion-form fusion-form-49682\" data-trp-original-action=\"https:\/\/oralhcg.com\/pt\/profesionales\/publicaciones-e-investigaciones\/\"><div class=\"fusion-fullwidth fullwidth-box fusion-builder-row-1-1 fusion-flex-container nonhundred-percent-fullwidth non-hundred-percent-height-scrolling\" style=\"--awb-border-radius-top-left:0px;--awb-border-radius-top-right:0px;--awb-border-radius-bottom-right:0px;--awb-border-radius-bottom-left:0px;--awb-flex-wrap:wrap;\" ><div class=\"fusion-builder-row fusion-row fusion-flex-align-items-flex-start fusion-flex-content-wrap\" style=\"width:103% !important;max-width:103% !important;margin-left: calc(-3% \/ 2 );margin-right: calc(-3% \/ 2 );\"><div class=\"fusion-layout-column fusion_builder_column fusion-builder-column-2 fusion_builder_column_1_2 1_2 fusion-flex-column\" style=\"--awb-bg-size:cover;--awb-width-large:50%;--awb-margin-top-large:0px;--awb-spacing-right-large:2.91%;--awb-margin-bottom-large:0px;--awb-spacing-left-large:2.91%;--awb-width-medium:100%;--awb-order-medium:0;--awb-spacing-right-medium:1.455%;--awb-spacing-left-medium:1.455%;--awb-width-small:100%;--awb-order-small:0;--awb-spacing-right-small:1.455%;--awb-spacing-left-small:1.455%;\"><div class=\"fusion-column-wrapper fusion-column-has-shadow fusion-flex-justify-content-flex-start fusion-content-layout-column\"><div class=\"fusion-form-field fusion-form-text-field fusion-form-label-above\" style=\"\" data-form-id=\"49682\"><input type=\"text\" name=\"nombre\" id=\"nombre\" value=\"\"  class=\"fusion-form-input\" required=\"true\" aria-required=\"true\" placeholder=\"Nombre *\" data-holds-private-data=\"false\" minlength=\"0\"\/><\/div><div class=\"fusion-form-field fusion-form-phone-number-field fusion-form-label-above\" style=\"\" data-form-id=\"49682\"><input type=\"tel\" name=\"telefono\" id=\"telefono\" value=\"\"  class=\"fusion-form-input\" required=\"true\" aria-required=\"true\" placeholder=\"Tel\u00e9fono *\" data-holds-private-data=\"false\"\/><\/div><\/div><\/div><div class=\"fusion-layout-column fusion_builder_column fusion-builder-column-3 fusion_builder_column_1_2 1_2 fusion-flex-column\" style=\"--awb-bg-size:cover;--awb-width-large:50%;--awb-margin-top-large:0px;--awb-spacing-right-large:2.91%;--awb-margin-bottom-large:0px;--awb-spacing-left-large:2.91%;--awb-width-medium:100%;--awb-order-medium:0;--awb-spacing-right-medium:1.455%;--awb-spacing-left-medium:1.455%;--awb-width-small:100%;--awb-order-small:0;--awb-spacing-right-small:1.455%;--awb-spacing-left-small:1.455%;\"><div class=\"fusion-column-wrapper fusion-column-has-shadow fusion-flex-justify-content-flex-start fusion-content-layout-column\"><div class=\"fusion-form-field fusion-form-email-field fusion-form-label-above\" style=\"\" data-form-id=\"49682\"><input type=\"email\" name=\"email\" id=\"email\" value=\"\"  class=\"fusion-form-input\" required=\"true\" aria-required=\"true\" placeholder=\"Email *\" data-holds-private-data=\"false\"\/><\/div><div class=\"fusion-form-field fusion-form-text-field fusion-form-label-above\" style=\"\" data-form-id=\"49682\"><input type=\"text\" name=\"asunto\" id=\"asunto\" value=\"\"  class=\"fusion-form-input\" required=\"true\" aria-required=\"true\" placeholder=\"Asunto *\" data-holds-private-data=\"false\" minlength=\"0\"\/><\/div><\/div><\/div><div class=\"fusion-layout-column fusion_builder_column fusion-builder-column-4 fusion_builder_column_1_1 1_1 fusion-flex-column\" style=\"--awb-bg-size:cover;--awb-width-large:100%;--awb-margin-top-large:0px;--awb-spacing-right-large:1.455%;--awb-margin-bottom-large:30px;--awb-spacing-left-large:1.455%;--awb-width-medium:100%;--awb-order-medium:0;--awb-spacing-right-medium:1.455%;--awb-spacing-left-medium:1.455%;--awb-width-small:100%;--awb-order-small:0;--awb-spacing-right-small:1.455%;--awb-spacing-left-small:1.455%;\"><div class=\"fusion-column-wrapper fusion-column-has-shadow fusion-flex-justify-content-flex-start fusion-content-layout-column\"><div class=\"fusion-form-field fusion-form-textarea-field fusion-form-label-above\" style=\"\" data-form-id=\"49682\"><textarea cols=\"40\"  minlength=\"0\"  rows=\"4\" tabindex=\"\" id=\"mensaje\" name=\"mensaje\" class=\"fusion-form-input\" placeholder=\"Mensagem \" data-holds-private-data=\"false\"><\/textarea><\/div><div class=\"fusion-form-field fusion-form-submit-field fusion-form-label-above\" style=\"\" data-form-id=\"49682\"><div ><button type=\"submit\" class=\"fusion-button button-flat fusion-button-default-size button-default fusion-button-default button-1 fusion-button-default-span  form-form-submit button-default\" style=\"width:calc(100%);\" data-form-number=\"49682\" tabindex=\"\"><span class=\"fusion-button-text\">SEND<\/span><\/button><\/div><\/div><div class=\"form-submission-notices data-notice_1\" id=\"fusion-notices-1\"><div class=\"fusion-alert alert success alert-success fusion-alert-center fusion-form-response fusion-form-response-success fusion-alert-capitalize awb-alert-native-link-color alert-dismissable awb-alert-close-boxed\" role=\"alert\"><div class=\"fusion-alert-content-wrapper\"><span class=\"alert-icon\"><i class=\"awb-icon-check-circle\" aria-hidden=\"true\"><\/i><\/span><span class=\"fusion-alert-content\">Gracias por tu mensaje. Ha sido enviado.<\/span><\/div><button type=\"button\" class=\"close toggle-alert\" data-dismiss=\"alert\" aria-label=\"Close\">&times;<\/button><\/div><div class=\"fusion-alert alert error alert-danger fusion-alert-center fusion-form-response fusion-form-response-error fusion-alert-capitalize awb-alert-native-link-color alert-dismissable awb-alert-close-boxed\" role=\"alert\"><div class=\"fusion-alert-content-wrapper\"><span class=\"alert-icon\"><i class=\"awb-icon-exclamation-triangle\" aria-hidden=\"true\"><\/i><\/span><span class=\"fusion-alert-content\">Hubo un error al intentar enviar su mensaje. Por favor, int\u00e9ntelo de nuevo m\u00e1s tarde.<\/span><\/div><button type=\"button\" class=\"close toggle-alert\" data-dismiss=\"alert\" aria-label=\"Close\">&times;<\/button><\/div><\/div><\/div><\/div><\/div><\/div><input type=\"hidden\" name=\"fusion_privacy_store_ip_ua\" value=\"false\"><input type=\"hidden\" name=\"fusion_privacy_expiration_interval\" value=\"48\"><input type=\"hidden\" name=\"privacy_expiration_action\" value=\"anonymize\"><input type=\"hidden\" name=\"trp-form-language\" value=\"pt\"\/><\/form><\/div><\/div><\/div>\n<\/div><\/div>","protected":false},"excerpt":{"rendered":"","protected":false},"author":2,"featured_media":0,"parent":9,"menu_order":0,"comment_status":"closed","ping_status":"closed","template":"100-width.php","meta":{"_joinchat":[],"footnotes":""},"class_list":["post-1147","page","type-page","status-publish","hentry"],"_links":{"self":[{"href":"https:\/\/oralhcg.com\/pt\/wp-json\/wp\/v2\/pages\/1147","targetHints":{"allow":["GET"]}}],"collection":[{"href":"https:\/\/oralhcg.com\/pt\/wp-json\/wp\/v2\/pages"}],"about":[{"href":"https:\/\/oralhcg.com\/pt\/wp-json\/wp\/v2\/types\/page"}],"author":[{"embeddable":true,"href":"https:\/\/oralhcg.com\/pt\/wp-json\/wp\/v2\/users\/2"}],"replies":[{"embeddable":true,"href":"https:\/\/oralhcg.com\/pt\/wp-json\/wp\/v2\/comments?post=1147"}],"version-history":[{"count":0,"href":"https:\/\/oralhcg.com\/pt\/wp-json\/wp\/v2\/pages\/1147\/revisions"}],"up":[{"embeddable":true,"href":"https:\/\/oralhcg.com\/pt\/wp-json\/wp\/v2\/pages\/9"}],"wp:attachment":[{"href":"https:\/\/oralhcg.com\/pt\/wp-json\/wp\/v2\/media?parent=1147"}],"curies":[{"name":"wp","href":"https:\/\/api.w.org\/{rel}","templated":true}]}}